{"id":513,"date":"2016-03-14T16:28:17","date_gmt":"2016-03-14T14:28:17","guid":{"rendered":"https:\/\/lpgstuudio.ee\/ru\/hinnakiri-3\/"},"modified":"2023-10-28T01:06:44","modified_gmt":"2023-10-27T22:06:44","slug":"%d1%86%d0%b5%d0%bd%d1%8b","status":"publish","type":"page","link":"https:\/\/lpgstuudio.ee\/ru\/%d1%86%d0%b5%d0%bd%d1%8b\/","title":{"rendered":"\u0426\u0435\u043d\u044b"},"content":{"rendered":"<table border=\"0\" width=\"605\" cellspacing=\"0\" cellpadding=\"0\">\n<colgroup>\n<col width=\"481\" \/>\n<col width=\"124\" \/><\/colgroup>\n<tbody>\n<tr>\n<td class=\"xl69\" width=\"481\" height=\"29\">LPG Endermoloogiline Lipomassaa\u017e\u00a0 \u00e1 45 minutit<\/td>\n<td class=\"xl65\" width=\"124\">45,00 \u20ac<\/td>\n<\/tr>\n<tr>\n<td class=\"xl66\" width=\"481\" height=\"29\">6 x pakett<\/td>\n<td class=\"xl65\">255,00 \u20ac<\/td>\n<\/tr>\n<tr>\n<td class=\"xl66\" width=\"481\" height=\"29\">10x pakett<\/td>\n<td class=\"xl65\">390,00 \u20ac<\/td>\n<\/tr>\n<tr>\n<td class=\"xl66\" width=\"481\" height=\"29\"><\/td>\n<td class=\"xl65\"><\/td>\n<\/tr>\n<tr>\n<td class=\"xl69\" height=\"29\">LPG Endermolift n\u00e4ohooldus\u00a0 \u00e1 40 minutit<\/td>\n<td class=\"xl65\">45,00 \u20ac<\/td>\n<\/tr>\n<tr>\n<td class=\"xl66\" width=\"481\" height=\"29\">6x pakett<\/td>\n<td class=\"xl65\">255,00 \u20ac<\/td>\n<\/tr>\n<tr>\n<td class=\"xl66\" width=\"481\" height=\"29\">10x pakett<\/td>\n<td class=\"xl65\">390,00 \u20ac<\/td>\n<\/tr>\n<tr>\n<td class=\"xl66\" width=\"481\" height=\"29\"><\/td>\n<td class=\"xl65\"><\/td>\n<\/tr>\n<tr>\n<td class=\"xl69\" height=\"29\">LPG Endermowear kost\u00fc\u00fcm<\/td>\n<td class=\"xl65\">30,00 \u20ac<\/td>\n<\/tr>\n<tr>\n<td class=\"xl67\" height=\"29\"><\/td>\n<td class=\"xl65\"><\/td>\n<\/tr>\n<tr>\n<td class=\"xl68\" width=\"481\" height=\"29\">ReFit RF-lifting 40 minutit 1 piirkond<\/td>\n<td class=\"xl65\">50,00 \u20ac<\/td>\n<\/tr>\n<tr>\n<td class=\"xl66\" width=\"481\" height=\"29\">6 x pakett<\/td>\n<td class=\"xl65\">270,00 \u20ac<\/td>\n<\/tr>\n<tr>\n<td class=\"xl66\" width=\"481\" height=\"29\">10 x pakett<\/td>\n<td class=\"xl65\">400,00 \u20ac<\/td>\n<\/tr>\n<tr>\n<td class=\"xl66\" width=\"481\" height=\"29\"><\/td>\n<td class=\"xl65\"><\/td>\n<\/tr>\n<tr>\n<td class=\"xl69\" height=\"29\">LPG massaa\u017e \u00e1 45min + ReFit RF-lifting 40min<\/td>\n<td class=\"xl65\">85,00 \u20ac<\/td>\n<\/tr>\n<tr>\n<td class=\"xl66\" width=\"481\" height=\"29\">6 x pakett<\/td>\n<td class=\"xl65\">480,00 \u20ac<\/td>\n<\/tr>\n<tr>\n<td class=\"xl66\" width=\"481\" height=\"29\">10x pakett<\/td>\n<td class=\"xl65\">750,00 \u20ac<\/td>\n<\/tr>\n<tr>\n<td class=\"xl66\" width=\"481\" height=\"29\"><\/td>\n<td class=\"xl65\"><\/td>\n<\/tr>\n<tr>\n<td class=\"xl68\" width=\"481\" height=\"29\"><\/td>\n<td class=\"xl65\"><\/td>\n<\/tr>\n<tr>\n<td class=\"xl66\" width=\"481\" height=\"29\"><\/td>\n<td class=\"xl65\"><\/td>\n<\/tr>\n<tr>\n<td class=\"xl66\" width=\"481\" height=\"29\"><\/td>\n<td class=\"xl65\"><\/td>\n<\/tr>\n<tr>\n<td class=\"xl66\" width=\"481\" height=\"29\"><\/td>\n<td class=\"xl65\"><\/td>\n<\/tr>\n<tr>\n<td class=\"xl71\" width=\"481\" height=\"29\">NB! Pakkettide kehtivus 1 aasta ostu kuup\u00e4evast.<\/td>\n<td class=\"xl65\"><\/td>\n<\/tr>\n<tr>\n<td class=\"xl66\" width=\"481\" height=\"29\"><\/td>\n<td class=\"xl65\"><\/td>\n<\/tr>\n<tr>\n<td class=\"xl66\" width=\"481\" height=\"29\"><\/td>\n<td class=\"xl65\"><\/td>\n<\/tr>\n<tr>\n<td class=\"xl67\" height=\"29\"><\/td>\n<td class=\"xl65\"><\/td>\n<\/tr>\n<tr>\n<td class=\"xl70\" colspan=\"2\" height=\"29\"><span style=\"color: #ff00ff;\"><strong>TASUMINE AINULT SULARAHAS V\u00d5I \u00dcLEKANDEGA KOHAPEAL! T\u00c4NAME!<\/strong><\/span><\/td>\n<\/tr>\n<\/tbody>\n<\/table>\n","protected":false},"excerpt":{"rendered":"<p>LPG Endermoloogiline Lipomassaa\u017e\u00a0 \u00e1 45 minutit 45,00 \u20ac 6 x pakett 255,00 \u20ac 10x pakett 390,00 \u20ac LPG Endermolift n\u00e4ohooldus\u00a0 \u00e1 40 minutit 45,00 \u20ac 6x pakett 255,00 \u20ac 10x pakett 390,00 \u20ac LPG Endermowear kost\u00fc\u00fcm 30,00 \u20ac ReFit RF-lifting 40 minutit 1 piirkond 50,00 \u20ac 6 x pakett 270,00 \u20ac 10 x pakett 400,00&#8230; <\/p>\n","protected":false},"author":1,"featured_media":0,"parent":0,"menu_order":0,"comment_status":"closed","ping_status":"closed","template":"full-width.php","meta":{"jetpack_post_was_ever_published":false,"footnotes":""},"class_list":["post-513","page","type-page","status-publish","hentry"],"rankMath":{"parentDomain":"lpgstuudio.ee","noFollowDomains":[],"noFollowExcludeDomains":[],"noFollowExternalLinks":false,"featuredImageNotice":"\u041f\u043e\u043a\u0430\u0437\u0430\u043d\u043d\u043e\u0435 \u0438\u0437\u043e\u0431\u0440\u0430\u0436\u0435\u043d\u0438\u0435 \u0434\u043e\u043b\u0436\u043d\u043e \u0431\u044b\u0442\u044c \u0440\u0430\u0437\u043c\u0435\u0440\u043e\u043c \u043d\u0435 \u043c\u0435\u043d\u0435\u0435 200 \u043d\u0430 200 \u043f\u0438\u043a\u0441\u0435\u043b\u0435\u0439, \u0447\u0442\u043e\u0431\u044b \u0435\u0433\u043e \u043c\u043e\u0433\u043b\u0438 \u0443\u0432\u0438\u0434\u0435\u0442\u044c Facebook \u0438 \u0434\u0440\u0443\u0433\u0438\u0435 \u0441\u0430\u0439\u0442\u044b \u0441\u043e\u0446\u0438\u0430\u043b\u044c\u043d\u044b\u0445 \u0441\u0435\u0442\u0435\u0439.","pluginReviewed":false,"postSettings":{"linkSuggestions":true,"useFocusKeyword":false},"frontEndScore":false,"postName":"%d1%86%d0%b5%d0%bd%d1%8b","permalinkFormat":"https:\/\/lpgstuudio.ee\/ru\/%pagename%\/","showLockModifiedDate":true,"assessor":{"focusKeywordLink":"https:\/\/lpgstuudio.ee\/wp-admin\/edit.php?focus_keyword=%focus_keyword%&post_type=%post_type%","hasTOCPlugin":false,"primaryTaxonomy":false,"serpData":{"title":"","description":"","focusKeywords":"","pillarContent":false,"canonicalUrl":"","breadcrumbTitle":"","advancedRobots":{"max-snippet":"-1","max-video-preview":"-1","max-image-preview":"large"},"facebookTitle":"","facebookDescription":"","facebookImage":"","facebookImageID":"","facebookHasOverlay":false,"facebookImageOverlay":"","facebookAuthor":"","twitterCardType":"","twitterUseFacebook":true,"twitterTitle":"","twitterDescription":"","twitterImage":"","twitterImageID":"","twitterHasOverlay":false,"twitterImageOverlay":"","twitterPlayerUrl":"","twitterPlayerSize":"","twitterPlayerStream":"","twitterPlayerStreamCtype":"","twitterAppDescription":"","twitterAppIphoneName":"","twitterAppIphoneID":"","twitterAppIphoneUrl":"","twitterAppIpadName":"","twitterAppIpadID":"","twitterAppIpadUrl":"","twitterAppGoogleplayName":"","twitterAppGoogleplayID":"","twitterAppGoogleplayUrl":"","twitterAppCountry":"","robots":{"index":true},"twitterAuthor":"\u0438\u043c\u044f \u043f\u043e\u043b\u044c\u0437\u043e\u0432\u0430\u0442\u0435\u043b\u044f","primaryTerm":0,"authorName":"LpgStuudio","titleTemplate":"%title% %sep% %sitename%","descriptionTemplate":"%excerpt%","showScoreFrontend":true,"lockModifiedDate":false},"powerWords":[],"diacritics":{"A":"[\\u0410\\u0430]","B":"[\\u0411\\u0431]","V":"[\\u0412\\u0432]","G":"[\\u0413\\u0433]","D":"[\\u0414\\u0434]","YE":"[\\u0415\\u0435]","YO":"[\\u0401\\u0451]","ZH":"[\\u0416\\u0436]","Z":"[\\u0417\\u0437]","EE":"[\\u0418\\u0438]","YI":"[\\u0419\\u0439]","K":"[\\u041A\\u043A]","L":"[\\u041B\\u043B]","M":"[\\u041C\\u043c]","P":"[\\u041F\\u043F]","T":"[\\u0422\\u0442]","U":"[\\u0423\\u0443]","F":"[\\u0424\\u0444]","H":"[\\u0425\\u0445]","TS":"[\\u0426\\u0446]","CH":"[\\u0427\\u0447]","SH":"[\\u0428\\u0448\\u0429\\u0449]","I":"[\\u042B\\u044B]","E":"[\\u042D\\u044D]","YU":"[\\u042E\\u044E]","YA":"[\\u042F\\u044F]","N":"[\\u041D\\u043D]"},"researchesTests":["contentHasTOC","contentHasShortParagraphs","contentHasAssets","keywordInTitle","keywordInMetaDescription","keywordInPermalink","keywordIn10Percent","keywordInContent","keywordInSubheadings","keywordInImageAlt","keywordDensity","keywordNotUsed","lengthContent","lengthPermalink","linksHasInternal","linksHasExternals","linksNotAllExternals","titleStartWithKeyword","titleSentiment","titleHasPowerWords","titleHasNumber","hasContentAI"],"hasRedirection":false,"hasBreadcrumb":false},"homeUrl":"https:\/\/lpgstuudio.ee\/ru\/","objectID":513,"objectType":"post","locale":"ru","localeFull":"ru_RU","overlayImages":{"play":{"name":"Play \u0438\u043a\u043e\u043d\u043a\u0430","url":"https:\/\/lpgstuudio.ee\/wp-content\/plugins\/seo-by-rank-math\/assets\/admin\/img\/icon-play.png","path":"\/www\/apache\/domains\/www.lpgstuudio.ee\/htdocs\/wp-content\/plugins\/seo-by-rank-math\/assets\/admin\/img\/icon-play.png","position":"middle_center"},"gif":{"name":"GIF \u0438\u043a\u043e\u043d\u043a\u0430","url":"https:\/\/lpgstuudio.ee\/wp-content\/plugins\/seo-by-rank-math\/assets\/admin\/img\/icon-gif.png","path":"\/www\/apache\/domains\/www.lpgstuudio.ee\/htdocs\/wp-content\/plugins\/seo-by-rank-math\/assets\/admin\/img\/icon-gif.png","position":"middle_center"}},"defautOgImage":"https:\/\/lpgstuudio.ee\/wp-content\/plugins\/seo-by-rank-math\/assets\/admin\/img\/social-placeholder.jpg","customPermalinks":true,"isUserRegistered":true,"autoSuggestKeywords":true,"connectSiteUrl":"https:\/\/rankmath.com\/auth?site=https%3A%2F%2Flpgstuudio.ee%2Fru%2F&r=https%3A%2F%2Fwww.lpgstuudio.ee%2Fru%2Fwp-json%2Fwp%2Fv2%2Fpages%2F513%3Fnonce%3D0f3f2aa618","maxTags":5,"trendsIcon":"<svg viewBox=\"0 0 610 610\"><path d=\"M18.85,446,174.32,290.48l58.08,58.08L76.93,504a14.54,14.54,0,0,1-20.55,0L18.83,466.48a14.54,14.54,0,0,1,0-20.55Z\" style=\"fill:#4285f4\"\/><path d=\"M242.65,242.66,377.59,377.6l-47.75,47.75a14.54,14.54,0,0,1-20.55,0L174.37,290.43l47.75-47.75A14.52,14.52,0,0,1,242.65,242.66Z\" style=\"fill:#ea4335\"\/><polygon points=\"319.53 319.53 479.26 159.8 537.34 217.88 377.61 377.62 319.53 319.53\" style=\"fill:#fabb05\"\/><path d=\"M594.26,262.73V118.61h0a16.94,16.94,0,0,0-16.94-16.94H433.2a16.94,16.94,0,0,0-12,28.92L565.34,274.71h0a16.94,16.94,0,0,0,28.92-12Z\" style=\"fill:#34a853\"\/><rect width=\"610\" height=\"610\" style=\"fill:none\"\/><\/svg>","showScore":true,"siteFavIcon":"https:\/\/i0.wp.com\/lpgstuudio.ee\/wp-content\/uploads\/2016\/03\/cropped-logo-suur.jpg?fit=16%2C16&ssl=1","canUser":{"general":false,"advanced":false,"snippet":false,"social":false,"analysis":false,"analytics":false,"content_ai":false},"showKeywordIntent":true,"isPro":false,"is_front_page":false,"trendsUpgradeLink":"https:\/\/rankmath.com\/pricing\/?utm_source=Plugin&utm_medium=CE%20General%20Tab%20Trends&utm_campaign=WP","trendsUpgradeLabel":"\u0410\u043f\u0433\u0440\u0435\u0439\u0434","trendsPreviewImage":"https:\/\/lpgstuudio.ee\/wp-content\/plugins\/seo-by-rank-math\/assets\/admin\/img\/trends-preview.jpg","currentEditor":false,"homepageData":{"assessor":{"powerWords":[],"diacritics":true,"researchesTests":["contentHasTOC","contentHasShortParagraphs","contentHasAssets","keywordInTitle","keywordInMetaDescription","keywordInPermalink","keywordIn10Percent","keywordInContent","keywordInSubheadings","keywordInImageAlt","keywordDensity","keywordNotUsed","lengthContent","lengthPermalink","linksHasInternal","linksHasExternals","linksNotAllExternals","titleStartWithKeyword","titleSentiment","titleHasPowerWords","titleHasNumber","hasContentAI"],"hasBreadcrumb":false,"serpData":{"title":"%sitename% %page% %sep% %sitedesc%","description":"","titleTemplate":"%sitename% %page% %sep% %sitedesc%","descriptionTemplate":"","focusKeywords":"","breadcrumbTitle":"Home","robots":{"index":true},"advancedRobots":{"max-snippet":"-1","max-video-preview":"-1","max-image-preview":"large"},"facebookTitle":"","facebookDescription":"","facebookImage":"","facebookImageID":""}}},"tocTitle":"Table of Contents","tocExcludeHeadings":[],"listStyle":"ul"},"jetpack_sharing_enabled":true,"jetpack_shortlink":"https:\/\/wp.me\/P7l2eg-8h","jetpack-related-posts":[{"id":511,"url":"https:\/\/lpgstuudio.ee\/en\/price-list\/","url_meta":{"origin":513,"position":0},"title":"Price list","author":"LpgStuudio","date":"14. \u041c\u0430\u0440 2016","format":false,"excerpt":"LPG Endermoloogiline Lipomassaa\u017e\u00a0 \u00e1 45 minutit 50,00 \u20ac 6 x pakett 270,00 \u20ac 10x pakett 400,00 \u20ac LPG Endermolift n\u00e4ohooldus\u00a0 \u00e1 40 minutit 50,00 \u20ac 6x pakett 270,00 \u20ac 10x pakett 400,00 \u20ac LPG Endermowear kost\u00fc\u00fcm 30,00 \u20ac ReFit RF-lifting 40 minutit 1 piirkond 50,00 \u20ac 6 x pakett 270,00\u2026","rel":"","context":"\u041f\u043e\u0445\u043e\u0436\u0430\u044f \u0437\u0430\u043f\u0438\u0441\u044c","block_context":{"text":"\u041f\u043e\u0445\u043e\u0436\u0430\u044f \u0437\u0430\u043f\u0438\u0441\u044c","link":""},"img":{"alt_text":"","src":"","width":0,"height":0},"classes":[]},{"id":64,"url":"https:\/\/lpgstuudio.ee\/hinnakiri-3\/","url_meta":{"origin":513,"position":1},"title":"Hinnakiri","author":"LpgStuudio","date":"14. \u041c\u0430\u0440 2016","format":false,"excerpt":"************************************************************************************************* LPG Endermoloogiline Lipomassaa\u017e\u00a0 \u00e1 45 minutit 50,00 \u20ac 6 x pakett 270,00 \u20ac 10x pakett 400,00 \u20ac LPG Endermolift n\u00e4ohooldus\u00a0 \u00e1 40 minutit 50,00 \u20ac 6x pakett 270,00 \u20ac 10x pakett 400,00 \u20ac LPG Endermowear kost\u00fc\u00fcm 30,00 \u20ac ReFit RF-lifting 40 minutit 1 piirkond 50,00 \u20ac 6 x pakett\u2026","rel":"","context":"\u041f\u043e\u0445\u043e\u0436\u0430\u044f \u0437\u0430\u043f\u0438\u0441\u044c","block_context":{"text":"\u041f\u043e\u0445\u043e\u0436\u0430\u044f \u0437\u0430\u043f\u0438\u0441\u044c","link":""},"img":{"alt_text":"","src":"","width":0,"height":0},"classes":[]},{"id":516,"url":"https:\/\/lpgstuudio.ee\/en\/price-list\/treatments\/","url_meta":{"origin":513,"position":2},"title":"Treatments","author":"LpgStuudio","date":"26. \u041c\u0430\u0439 2016","format":false,"excerpt":"TREATMENTS PRICE LPG\u00ae Lipomassage\u00a0 \u00e1 45 minutes 44,00 \u20ac 6x packet (\u00e1 42.00 eur) 252,00 \u20ac 10x packet (\u00e1 39.00 eur) 390,00 \u20ac LPG\u00ae Endermologie massage\u00a0 \u00e1 45 minutes 42,00 \u20ac 6x packet (\u00e1 39.00 eur) 234,00 \u20ac 10x packet (\u00e1 37.00 eur) 370,00 \u20ac LPG\u00ae Endermolift facial treatment\u00a0 \u00e1\u2026","rel":"","context":"\u041f\u043e\u0445\u043e\u0436\u0430\u044f \u0437\u0430\u043f\u0438\u0441\u044c","block_context":{"text":"\u041f\u043e\u0445\u043e\u0436\u0430\u044f \u0437\u0430\u043f\u0438\u0441\u044c","link":""},"img":{"alt_text":"","src":"","width":0,"height":0},"classes":[]},{"id":1264,"url":"https:\/\/lpgstuudio.ee\/nutrikosmeetika\/","url_meta":{"origin":513,"position":3},"title":"Nutrikosmeetika","author":"LpgStuudio","date":"25. \u041c\u0430\u0440 2018","format":false,"excerpt":"UUS!\u00a0SLIMMING CONCENTRATE P\u00f5letab rasva V\u00e4hendab \u00fcmberm\u00f5\u00f5te V\u00e4ljutab vett Toimeained:\u00a0Fucuse-, mate-, guaraana-, kroomi-, rohelise tee-, v\u00f5ilille\u00a0ekstraktid, vask ja tsink. Koostisosad (2 kapsli kohta): Fucus thalluse pulber (Fucus vesiculosus) 200 mg, kapsli kest: h\u00fcdroks\u00fcprop\u00fc\u00fclmet\u00fc\u00fcltselluloos, guaraanaseemneekstrakt (Paullinia cupana Kunth) 180 mg, mate lehtede ekstrakt (Ilex paraguariensis) 120 mg, v\u00f5ilille juureekstrakt (Taraxacum officinale) )\u2026","rel":"","context":"\u041f\u043e\u0445\u043e\u0436\u0430\u044f \u0437\u0430\u043f\u0438\u0441\u044c","block_context":{"text":"\u041f\u043e\u0445\u043e\u0436\u0430\u044f \u0437\u0430\u043f\u0438\u0441\u044c","link":""},"img":{"alt_text":"","src":"","width":0,"height":0},"classes":[]},{"id":86,"url":"https:\/\/lpgstuudio.ee\/kkk\/","url_meta":{"origin":513,"position":4},"title":"KKK","author":"LpgStuudio","date":"14. \u041c\u0430\u0440 2016","format":false,"excerpt":"KKK LPG Siin on m\u00f5ned k\u00f5ige rohkem k\u00fcsitud k\u00fcsimused ja nende vastused. Juhul, kui Sul on veel mingeid k\u00fcsimusi, v\u00f5ta julgelt \u00fchendust, et leppida tasuta konsultatsiooniaeg meie endermoloogi juures! Kaua kestab protseduur? LPG protseduur rasva ja tselluliidi v\u00e4hendamiseks kestab \u00e1 45 minutit. Kas te t\u00f6\u00f6tlete ainult minu probleemseid piirkondi? P\u00f5hir\u00f5hk\u2026","rel":"","context":"\u041f\u043e\u0445\u043e\u0436\u0430\u044f \u0437\u0430\u043f\u0438\u0441\u044c","block_context":{"text":"\u041f\u043e\u0445\u043e\u0436\u0430\u044f \u0437\u0430\u043f\u0438\u0441\u044c","link":""},"img":{"alt_text":"","src":"","width":0,"height":0},"classes":[]},{"id":533,"url":"https:\/\/lpgstuudio.ee\/en\/lpg-cosmetics\/","url_meta":{"origin":513,"position":5},"title":"LPG cosmetics","author":"LpgStuudio","date":"14. \u041c\u0430\u0440 2016","format":false,"excerpt":"Exclusive and luxurious cosmetic line by LPG An innovative cosmetic line since 2012 Unique LPG cosmetic line has been specially designed to complement and enhance the impact of the LPG facial care Innovation in cosmetics - LPG exclusive complex of active ingredients LPG is using in the cosmetic composition of\u2026","rel":"","context":"\u041f\u043e\u0445\u043e\u0436\u0430\u044f \u0437\u0430\u043f\u0438\u0441\u044c","block_context":{"text":"\u041f\u043e\u0445\u043e\u0436\u0430\u044f \u0437\u0430\u043f\u0438\u0441\u044c","link":""},"img":{"alt_text":"action-41-1","src":"https:\/\/i0.wp.com\/lpgstuudio.ee\/wp-content\/uploads\/2016\/03\/action-41-1-300x165.jpg?resize=350%2C200&ssl=1","width":350,"height":200},"classes":[]}],"_links":{"self":[{"href":"https:\/\/lpgstuudio.ee\/ru\/wp-json\/wp\/v2\/pages\/513","targetHints":{"allow":["GET"]}}],"collection":[{"href":"https:\/\/lpgstuudio.ee\/ru\/wp-json\/wp\/v2\/pages"}],"about":[{"href":"https:\/\/lpgstuudio.ee\/ru\/wp-json\/wp\/v2\/types\/page"}],"author":[{"embeddable":true,"href":"https:\/\/lpgstuudio.ee\/ru\/wp-json\/wp\/v2\/users\/1"}],"replies":[{"embeddable":true,"href":"https:\/\/lpgstuudio.ee\/ru\/wp-json\/wp\/v2\/comments?post=513"}],"version-history":[{"count":0,"href":"https:\/\/lpgstuudio.ee\/ru\/wp-json\/wp\/v2\/pages\/513\/revisions"}],"wp:attachment":[{"href":"https:\/\/lpgstuudio.ee\/ru\/wp-json\/wp\/v2\/media?parent=513"}],"curies":[{"name":"wp","href":"https:\/\/api.w.org\/{rel}","templated":true}]}}